{"id":11,"date":"2020-04-12T02:14:14","date_gmt":"2020-04-12T06:14:14","guid":{"rendered":"https:\/\/maranathaolivar.cl\/2020\/?page_id=11"},"modified":"2020-04-12T02:41:13","modified_gmt":"2020-04-12T06:41:13","slug":"acerca-de","status":"publish","type":"page","link":"https:\/\/maranathaolivar.cl\/2020\/?page_id=11","title":{"rendered":"Nuestra Historia!!"},"content":{"rendered":"\n<p>El a\u00f1o 1975, llegan a los nuevos departamentos de la poblaci\u00f3n Canal Beagle de Vi\u00f1a del Mar, Chile,\u00a0la familia\u00a0Verdejo Bustos, compuesta\u00a0por\u00a0Mario Verdejo Molina y su esposa Noem\u00ed Bustos Puentes y sus hijos Noem\u00ed Em\u00e9rita de 15 a\u00f1os, Mario Rodolfo de 8 a\u00f1os y Luis Esteban (Steven) de 4 a\u00f1os. All\u00ed en el hogar de la familia Verdejo Bustos, empieza la obra evangelizadora de la futura Iglesia Maranatha, con la ense\u00f1anza a los ni\u00f1os, a trav\u00e9s de la organizaci\u00f3n infantil Rayitos de sol, guiada por Noem\u00ed hija con la colaboraci\u00f3n de su madre. El hermano Mario, invita a los j\u00f3venes de su iglesia madre, la Primera Iglesia Bautista de Vi\u00f1a del Mar, para visitar los hogares de la nueva poblaci\u00f3n e iniciar estudios b\u00edblicos semanales. Posteriormente se arrienda la sede social de la etapa B. Dentro del mismo a\u00f1o empiezan a reunirse algunas hermanas que viv\u00edan en esta poblaci\u00f3n y vecinas invitadas a la organizaci\u00f3n \u201cUni\u00f3n Femenil\u201d. A fines de ese a\u00f1o, en el verano de 1976, se inicia la Escuela Dominical y as\u00ed se fue avanzando. En esta d\u00e9cada y mayormente en la de los 80, Familias bautistas del lugar, fueron de gran apoyo como la numerosa familia Carter Ulloa, la familia Pe\u00f1a Silva, la familia Sep\u00falveda Bustos, Lizardi Morales, Caama\u00f1o Pozo, Robles Pool, Cayum\u00e1n Vega, Fierro Bustos, Monte Richard Vega y otras, Uni\u00e9ndose nuevas familias creyentes tales como Fuentealba, Acevedo, Palma y Matus de la Parra, entre muchas m\u00e1s. \u00a0Un reconocimiento hacia ellas&#8230;<\/p>\n\n\n\n<p>&nbsp; &nbsp; &nbsp;Tras el terremoto de 1985 la gran mayor\u00eda de los ni\u00f1os junto a sus padres, por severos da\u00f1os estructurales de sus viviendas, tuvieron que trasladarse a otros sectores de la regi\u00f3n.<\/p>\n\n\n\n<p>Lo que provoc\u00f3 la disminuci\u00f3n de asistencia a las reuniones de la iglesia. Pero con los a\u00f1os y tras grandes esfuerzos evangel\u00edsticos, la congregaci\u00f3n volvi\u00f3 a crecer en n\u00famero.<\/p>\n\n\n\n<p>En el a\u00f1o 87 comenzaron a hacerse cultos los domingos por la noche. Lo que vino a reforzar las ya existentes organizaciones uni\u00f3n femenil, uni\u00f3n de j\u00f3venes que se sumaban a los \u201crayitos\u201d y a la escuela dominical.<\/p>\n\n\n\n<p>&nbsp; &nbsp; &nbsp;El 13 de enero de 1988, fuimos reconocidos&nbsp;oficialmente por la Convenci\u00f3n Bautista Chilena, como la Iglesia Bautista Maranatha Vi\u00f1a del Mar.<\/p>\n\n\n\n<p>&nbsp; &nbsp; &nbsp;En el verano de 1989 un gran incendio forestal, afecto la sede social, donde funcionaba a tiempo completo la iglesia.&nbsp;Tras ello, no pudo ocuparse m\u00e1s. As\u00ed fue como comenz\u00f3 un peregrinaje en busca de lugares para realizar las reuniones de la congregaci\u00f3n. De esta manera, la d\u00e9cada de los 90 comenz\u00f3 junt\u00e1ndonos en la casa de los propios hermanos de la poblaci\u00f3n Canal Beagle. Primero en el departamento de la familia Verdejo Bustos, Block 4 dpto. 22 etapa B, luego en casa de la hermana Irma Pozo de Caama\u00f1o, despu\u00e9s en la casa del hermano Emilio Parra y Teresa Urbina y finalmente ocupando las dependencias de la iglesia anglicana de Canal Beagle. Tras ello y teniendo ya un trabajo misionero en la poblaci\u00f3n El Olivar,&nbsp;se decidi\u00f3 como iglesia, trasladarse a este sector. &nbsp;Para aquel entonces la misi\u00f3n el olivar funcionaba a cargo del hno. Dagoberto Sep\u00falveda y familia, junto al joven matrimonio del Hno. Freddy Caama\u00f1o y la hna. Orieta Saavedra. En aquel tiempo ya exist\u00eda un peque\u00f1o templo, el que estaba ubicado en el patio de la familia Astorga Espinoza, en el pasaje dupliza con calle Chungar\u00e1. Gracias al esfuerzo de esta familia, como tambi\u00e9n la familia Grand\u00f3n Roca, Ruiz Gatica y L\u00f3pez Menanteau, entre otros, all\u00ed nos reunimos ya no como misi\u00f3n, sino como iglesia maranatha, por casi toda la d\u00e9cada.<\/p>\n\n\n\n<p>Cabe se\u00f1alar que, en la segunda mitad de los a\u00f1os 80, el pastor misionero bautista Jim Polard, hab\u00eda adquirido un terreno, en el cerro que quedaba al frente al primer sector alto de la poblaci\u00f3n EL Olivar. \u00c9ste no hab\u00eda sido utilizado, salvo por la construcci\u00f3n de un templo cat\u00f3lico que colindaba con el terreno desnivelado y desolado. Desde siempre la congregaci\u00f3n procuro juntar dinero para la construcci\u00f3n de un templo. Al conocer el esfuerzo del misionero Jim y la disponibilidad del terreno adquirido, se hicieron todos los esfuerzos necesarios para construir en aquel sitio eriazo. Lo que finalmente se concret\u00f3 para fines de la d\u00e9cada.&nbsp;Es as\u00ed como en 1999 comenz\u00f3 la construcci\u00f3n del templo Maranatha en tales terrenos.<\/p>\n\n\n\n<p>&nbsp; &nbsp; &nbsp;En el a\u00f1o 2000, (nuevo siglo), comenzamos a tener nuestras primeras reuniones en el peque\u00f1o templo ya construido, hasta el d\u00eda de hoy. En esta nueva d\u00e9cada, esperamos ampliar las dependencias que ocupamos y como iglesia anhelamos seguir creciendo, en todos los aspectos para la gloria de Dios.<\/p>\n\n\n\n<p>Dios ha sido extremadamente fiel en todos estos a\u00f1os con cada uno de nosotros y esperamos continuar con la tarea que \u00e9l nos encomend\u00f3 desde el inicio, predicar su santo evangelio&#8230;<\/p>\n\n\n\n<p>&nbsp; &nbsp; &nbsp;Templo Evang\u00e9lico Bautista Maranatha el olivar,&nbsp;Avenida Tamarugal 925, Poblaci\u00f3n El Olivar, Vi\u00f1a del Mar.&nbsp;<\/p>\n\n\n\n<p>&nbsp; &nbsp; &nbsp;Relato: &nbsp;Pastor Mario Verdejo Molina&nbsp;<\/p>\n\n\n\n<p><\/p>\n","protected":false},"excerpt":{"rendered":"<p>El a\u00f1o 1975, llegan a los nuevos departamentos de la poblaci\u00f3n Canal Beagle de Vi\u00f1a del Mar, Chile,\u00a0la familia\u00a0Verdejo Bustos, compuesta\u00a0por\u00a0Mario Verdejo Molina y su esposa Noem\u00ed Bustos Puentes y sus hijos Noem\u00ed Em\u00e9rita de 15 a\u00f1os, Mario Rodolfo de 8 a\u00f1os y Luis Esteban (Steven) de 4 a\u00f1os. All\u00ed en el hogar de la [&hellip;]<\/p>\n","protected":false},"author":1,"featured_media":0,"parent":0,"menu_order":0,"comment_status":"closed","ping_status":"closed","template":"","meta":{"footnotes":""},"class_list":["post-11","page","type-page","status-publish","hentry"],"_links":{"self":[{"href":"https:\/\/maranathaolivar.cl\/2020\/index.php?rest_route=\/wp\/v2\/pages\/11","targetHints":{"allow":["GET"]}}],"collection":[{"href":"https:\/\/maranathaolivar.cl\/2020\/index.php?rest_route=\/wp\/v2\/pages"}],"about":[{"href":"https:\/\/maranathaolivar.cl\/2020\/index.php?rest_route=\/wp\/v2\/types\/page"}],"author":[{"embeddable":true,"href":"https:\/\/maranathaolivar.cl\/2020\/index.php?rest_route=\/wp\/v2\/users\/1"}],"replies":[{"embeddable":true,"href":"https:\/\/maranathaolivar.cl\/2020\/index.php?rest_route=%2Fwp%2Fv2%2Fcomments&post=11"}],"version-history":[{"count":5,"href":"https:\/\/maranathaolivar.cl\/2020\/index.php?rest_route=\/wp\/v2\/pages\/11\/revisions"}],"predecessor-version":[{"id":53,"href":"https:\/\/maranathaolivar.cl\/2020\/index.php?rest_route=\/wp\/v2\/pages\/11\/revisions\/53"}],"wp:attachment":[{"href":"https:\/\/maranathaolivar.cl\/2020\/index.php?rest_route=%2Fwp%2Fv2%2Fmedia&parent=11"}],"curies":[{"name":"wp","href":"https:\/\/api.w.org\/{rel}","templated":true}]}}