{"id":107,"date":"2020-04-12T04:03:42","date_gmt":"2020-04-12T08:03:42","guid":{"rendered":"https:\/\/maranathaolivar.cl\/2020\/?page_id=107"},"modified":"2020-04-12T13:51:01","modified_gmt":"2020-04-12T17:51:01","slug":"creencias","status":"publish","type":"page","link":"https:\/\/maranathaolivar.cl\/2020\/?page_id=107","title":{"rendered":"Creencias"},"content":{"rendered":"<div data-colibri-id=\"107-c1\" class=\"style-340 style-local-107-c1 position-relative\">\n  <!---->\n  <div data-colibri-component=\"section\" data-colibri-id=\"107-c98\" id=\"about\" class=\"h-section h-section-global-spacing d-flex align-items-lg-center align-items-md-center align-items-center style-407 style-local-107-c98 position-relative\">\n    <!---->\n    <!---->\n    <div class=\"h-section-grid-container h-section-boxed-container\">\n      <!---->\n      <div data-colibri-id=\"107-c99\" class=\"h-row-container gutters-row-lg-0 gutters-row-md-0 gutters-row-0 gutters-row-v-lg-0 gutters-row-v-md-0 gutters-row-v-0 style-408 style-local-107-c99 position-relative\">\n        <!---->\n        <div class=\"h-row justify-content-lg-center justify-content-md-center justify-content-center align-items-lg-stretch align-items-md-stretch align-items-stretch gutters-col-lg-0 gutters-col-md-0 gutters-col-0 gutters-col-v-lg-0 gutters-col-v-md-0 gutters-col-v-0\">\n          <!---->\n          <div class=\"h-column h-column-container d-flex h-col-lg-auto h-col-md-auto h-col-auto style-409-outer style-local-107-c100-outer\">\n            <div data-colibri-id=\"107-c100\" class=\"d-flex h-flex-basis h-column__inner h-px-lg-0 h-px-md-0 h-px-0 v-inner-lg-0 v-inner-md-0 v-inner-0 style-409 style-local-107-c100 position-relative\">\n              <!---->\n              <!---->\n              <div class=\"w-100 h-y-container h-column__content h-column__v-align flex-basis-100 align-self-lg-start align-self-md-start align-self-start\">\n                <!---->\n                <div data-colibri-id=\"107-c101\" class=\"h-global-transition-all h-heading style-410 style-local-107-c101 position-relative h-element\">\n                  <!---->\n                  <!---->\n                  <h5 class=\"\">Creencias<\/h5>\n                <\/div>\n                <div data-colibri-id=\"107-c102\" class=\"h-global-transition-all h-heading style-411 style-local-107-c102 position-relative h-element\">\n                  <!---->\n                  <!---->\n                  <h2 class=\"\">Dios<\/h2>\n                <\/div>\n                <div data-colibri-id=\"107-c103\" class=\"h-text h-text-component style-412 style-local-107-c103 position-relative h-element\">\n                  <!---->\n                  <!---->\n                  <div class=\"\">\n                    <p><span style=\"font-family: georgia, palatino; font-size: 10pt;\">Creemos que hay un solo Dios verdadero, viviente, Hacedor y Arbitro Supremo del cielo y de la tierra, quien&nbsp;es&nbsp;un Esp\u00edritu infinito, un ser divino, espiritual e inteligente,&nbsp;es el creador de todas las cosas, gobernante&nbsp;del&nbsp;Universo; es indeciblemente glorioso en santidad; merece toda honra, amor y adoraci\u00f3n; y en la unidad&nbsp;de la divinidad existen tres personas se revela a su creaci\u00f3n en tres personas distintas en su funci\u00f3n, pero&nbsp;iguales en su esencia.&nbsp;Padre, Hijo y Esp\u00edritu Santo, iguales \u00e9stos en toda perfecci\u00f3n uno en ser y esencia&nbsp;pero desempe\u00f1ando oficios distintos. Un Dios que se ha revelado para salvaci\u00f3n en la persona de su Hijo&nbsp;Jesucristo.<\/span><\/p>\n                    <p><span style=\"font-family: arial, helvetica, sans-serif; font-size: 10pt;\">1 G\u00e9nesis 1:1, Isa\u00edas 40:25, 26, 28; Salmos 47:7,&nbsp;83:18; 2 Juan 4:24,&nbsp;Salmo 147:5; 1 Pedro&nbsp;1:15-16;&nbsp;Mateo&nbsp;10:37; I Corintios 12:4-6<\/span><\/p>\n                  <\/div>\n                <\/div>\n              <\/div>\n            <\/div>\n          <\/div>\n          <div class=\"h-column h-column-container d-flex h-col-lg-auto h-col-md-auto h-col-auto style-413-outer style-local-107-c104-outer\">\n            <div data-colibri-id=\"107-c104\" class=\"d-flex h-flex-basis h-column__inner h-ui-empty-state-container h-px-lg-2 h-px-md-2 h-px-2 v-inner-lg-2 v-inner-md-2 v-inner-2 style-413 style-local-107-c104 position-relative\">\n              <!---->\n              <!---->\n              <div class=\"w-100 h-y-container h-column__content h-column__v-align flex-basis-100\">\n                <!---->\n              <\/div>\n            <\/div>\n          <\/div>\n        <\/div>\n      <\/div>\n    <\/div>\n  <\/div>\n  <div data-colibri-component=\"section\" data-colibri-id=\"107-c112\" id=\"about-2\" class=\"h-section h-section-global-spacing d-flex align-items-lg-center align-items-md-center align-items-center style-421 style-local-107-c112 position-relative\">\n    <!---->\n    <!---->\n    <div class=\"h-section-grid-container h-section-boxed-container\">\n      <!---->\n      <div data-colibri-id=\"107-c113\" class=\"h-row-container gutters-row-lg-2 gutters-row-md-2 gutters-row-2 gutters-row-v-lg-2 gutters-row-v-md-2 gutters-row-v-2 style-422 style-local-107-c113 position-relative\">\n        <!---->\n        <div class=\"h-row justify-content-lg-center justify-content-md-center justify-content-center align-items-lg-stretch align-items-md-stretch align-items-stretch gutters-col-lg-2 gutters-col-md-2 gutters-col-2 gutters-col-v-lg-2 gutters-col-v-md-2 gutters-col-v-2\">\n          <!---->\n          <div class=\"h-column h-column-container d-flex h-col-lg-auto h-col-md-auto h-col-auto style-423-outer style-local-107-c114-outer\">\n            <div data-colibri-id=\"107-c114\" class=\"d-flex h-flex-basis h-column__inner h-px-lg-2 h-px-md-2 h-px-2 v-inner-lg-2 v-inner-md-2 v-inner-2 style-423 style-local-107-c114 position-relative\">\n              <!---->\n              <!---->\n              <div class=\"w-100 h-y-container h-column__content h-column__v-align flex-basis-100 align-self-lg-center align-self-md-center align-self-center\">\n                <!---->\n                <div data-colibri-id=\"107-c115\" class=\"h-global-transition-all h-heading style-424 style-local-107-c115 position-relative h-element\">\n                  <!---->\n                  <!---->\n                  <h5 class=\"\">Creencias<\/h5>\n                <\/div>\n                <div data-colibri-id=\"107-c116\" class=\"h-global-transition-all h-heading style-425 style-local-107-c116 position-relative h-element\">\n                  <!---->\n                  <!---->\n                  <h2 class=\"\">Cristo<\/h2>\n                <\/div>\n                <div data-colibri-id=\"107-c117\" class=\"h-text h-text-component style-426 style-local-107-c117 position-relative h-element\">\n                  <!---->\n                  <!---->\n                  <div class=\"\">\n                    <p><span style=\"font-size: 10pt; font-family: georgia, palatino;\">Creemos que Jesucristo es el Hijo de Dios. De tal manera am\u00f3 Dios al mundo que dio a su Hijo unig\u00e9nito en&nbsp;rescate de la humanidad. Fue concebido milagrosamente por el Esp\u00edritu Santo en el seno de la Virgen Mar\u00eda,&nbsp; pero es la esencia misma de la Deidad.&nbsp;Se encarn\u00f3 para realizar el plan de salvaci\u00f3n en cumplimiento de la&nbsp;voluntad de su Padre Dios.&nbsp;Muri\u00f3 por nuestros pecados, resucit\u00f3 al tercer d\u00eda, ascendi\u00f3 a los cielos y hoy mora en y con cada creyente. Cristo es el \u00fanico Salvador, cumpli\u00f3 y honr\u00f3 la ley por una obediencia&nbsp;perfecta, y pag\u00f3 la terrible pena del pecado sufriendo en la cruz por el mundo culpable; siendo levantado de entre los muertos ascendi\u00f3 a la diestra del Padre para interceder por todos los hombres.&nbsp;<\/span><\/p>\n                    <p><span style=\"font-size: 10pt;\">1 Juan&nbsp;&nbsp;&nbsp;1:14; 3:16; Filipenses&nbsp;2:6-8; 1 Pedro&nbsp;1:18-19; Tito 2:14; Hebreos 9:28&nbsp;Lucas&nbsp;&nbsp;&nbsp;24:51; Hechos 1:9; 1 Timoteo 2:5; 1 Juan 2:1;&nbsp;Juan 3:16-17; 14:6.<\/span><\/p>\n                    <p>\n                      <br>\n                    <\/p>\n                  <\/div>\n                <\/div>\n              <\/div>\n            <\/div>\n          <\/div>\n          <div class=\"h-column h-column-container d-flex h-col-lg-auto h-col-md-auto h-col-auto style-429-outer style-local-107-c120-outer\">\n            <div data-colibri-id=\"107-c120\" class=\"d-flex h-flex-basis h-column__inner h-px-lg-2 h-px-md-2 h-px-2 v-inner-lg-2 v-inner-md-2 v-inner-2 style-429 style-local-107-c120 position-relative\">\n              <!---->\n              <!---->\n              <div class=\"w-100 h-y-container h-column__content h-column__v-align flex-basis-100 align-self-lg-center align-self-md-center align-self-center\">\n                <!---->\n                <div data-colibri-id=\"107-c121\" class=\"d-block style-430 style-local-107-c121 position-relative h-element\">\n                  <!---->\n                  <div class=\"h-image__frame-container-outer\">\n                    <div class=\"h-image__frame-container\">\n                      <!---->\n                      <!---->\n                      <img fetchpriority=\"high\" decoding=\"async\" width=\"1080\" height=\"1080\" src=\"https:\/\/maranathaolivar.cl\/2020\/wp-content\/uploads\/2020\/04\/cropped-WhatsApp-Image-2020-04-10-at-22.16.56-1.jpeg\" class=\"wp-image-166 style-430-image style-local-107-c121-image\" alt=\"\" srcset=\"https:\/\/maranathaolivar.cl\/2020\/wp-content\/uploads\/2020\/04\/cropped-WhatsApp-Image-2020-04-10-at-22.16.56-1.jpeg 1080w, https:\/\/maranathaolivar.cl\/2020\/wp-content\/uploads\/2020\/04\/cropped-WhatsApp-Image-2020-04-10-at-22.16.56-1-300x300.jpeg 300w, https:\/\/maranathaolivar.cl\/2020\/wp-content\/uploads\/2020\/04\/cropped-WhatsApp-Image-2020-04-10-at-22.16.56-1-1024x1024.jpeg 1024w, https:\/\/maranathaolivar.cl\/2020\/wp-content\/uploads\/2020\/04\/cropped-WhatsApp-Image-2020-04-10-at-22.16.56-1-150x150.jpeg 150w, https:\/\/maranathaolivar.cl\/2020\/wp-content\/uploads\/2020\/04\/cropped-WhatsApp-Image-2020-04-10-at-22.16.56-1-768x768.jpeg 768w\" sizes=\"(max-width: 1080px) 100vw, 1080px\" \/>\n                      <div class=\"h-image__frame h-hide-sm style-430-frameImage style-local-107-c121-frameImage\"><\/div>\n                    <\/div>\n                  <\/div>\n                <\/div>\n              <\/div>\n            <\/div>\n          <\/div>\n        <\/div>\n      <\/div>\n    <\/div>\n  <\/div>\n<\/div>","protected":false},"excerpt":{"rendered":"<p>Creencias Dios Creemos que hay un solo Dios verdadero, viviente, Hacedor y Arbitro Supremo del cielo y de la tierra, quien&nbsp;es&nbsp;un Esp\u00edritu infinito, un ser divino, espiritual e inteligente,&nbsp;es el creador de todas las cosas, gobernante&nbsp;del&nbsp;Universo; es indeciblemente glorioso en santidad; merece toda honra, amor y adoraci\u00f3n; y en la unidad&nbsp;de la divinidad existen tres [&hellip;]<\/p>\n","protected":false},"author":1,"featured_media":0,"parent":0,"menu_order":0,"comment_status":"closed","ping_status":"closed","template":"page-templates\/full-width-page.php","meta":{"footnotes":""},"class_list":["post-107","page","type-page","status-publish","hentry"],"_links":{"self":[{"href":"https:\/\/maranathaolivar.cl\/2020\/index.php?rest_route=\/wp\/v2\/pages\/107","targetHints":{"allow":["GET"]}}],"collection":[{"href":"https:\/\/maranathaolivar.cl\/2020\/index.php?rest_route=\/wp\/v2\/pages"}],"about":[{"href":"https:\/\/maranathaolivar.cl\/2020\/index.php?rest_route=\/wp\/v2\/types\/page"}],"author":[{"embeddable":true,"href":"https:\/\/maranathaolivar.cl\/2020\/index.php?rest_route=\/wp\/v2\/users\/1"}],"replies":[{"embeddable":true,"href":"https:\/\/maranathaolivar.cl\/2020\/index.php?rest_route=%2Fwp%2Fv2%2Fcomments&post=107"}],"version-history":[{"count":3,"href":"https:\/\/maranathaolivar.cl\/2020\/index.php?rest_route=\/wp\/v2\/pages\/107\/revisions"}],"predecessor-version":[{"id":169,"href":"https:\/\/maranathaolivar.cl\/2020\/index.php?rest_route=\/wp\/v2\/pages\/107\/revisions\/169"}],"wp:attachment":[{"href":"https:\/\/maranathaolivar.cl\/2020\/index.php?rest_route=%2Fwp%2Fv2%2Fmedia&parent=107"}],"curies":[{"name":"wp","href":"https:\/\/api.w.org\/{rel}","templated":true}]}}